{"id":3165,"date":"2025-11-19T11:30:40","date_gmt":"2025-11-19T11:30:40","guid":{"rendered":"https:\/\/dnamica.net\/datenschutzerklaerung\/"},"modified":"2026-03-16T08:34:54","modified_gmt":"2026-03-16T08:34:54","slug":"datenschutzerklaerung","status":"publish","type":"page","link":"https:\/\/hi-luino.com\/de\/datenschutzerklaerung\/","title":{"rendered":"Datenschutzerkl\u00e4rung"},"content":{"rendered":"<h1><strong>Datenschutzerkl\u00e4rung<\/strong><\/h1>\n<h3>1. Was sind Cookies?<\/h3>\n<p>Cookies sind kleine Textdateien, die von besuchten Websites an das Ger\u00e4t des Nutzers (Computer, Smartphone, Tablet) gesendet und dort gespeichert werden, bevor sie beim n\u00e4chsten Besuch an dieselben Websites zur\u00fcckgesendet werden. Sie dienen dazu, die Navigation zu verbessern, Pr\u00e4ferenzen zu speichern und statistische und\/oder Marketinginformationen zu erfassen.<\/p>\n<h3>2. Welche Arten von Cookies werden verwendet?<\/h3>\n<p><strong>a) Technische Cookies (notwendig)<\/strong> Diese sind f\u00fcr die Funktion der Website unerl\u00e4sslich und erm\u00f6glichen die Navigation sowie die Nutzung ihrer Hauptfunktionen. Sie erfordern keine Einwilligung.<\/p>\n<p><strong>b) Pr\u00e4ferenz-Cookies (funktional)<\/strong> Diese erm\u00f6glichen es, bestimmte Nutzereinstellungen (z. B. Pr\u00e4ferenzen) zu speichern. Sie k\u00f6nnen eine Einwilligung erfordern, sofern sie nicht unbedingt erforderlich sind.<\/p>\n<p><strong>c) Statistische Cookies (Analyse)<\/strong> Diese werden verwendet, um aggregierte und statistische Informationen zur Website-Nutzung zu erfassen (besuchte Seiten, Verweildauer, Traffic-Quelle).<\/p>\n<p>Auf dieser Website kann Google Analytics verwendet werden. Statistische Cookies werden nur mit Ihrer vorherigen Einwilligung aktiviert, sofern dies vom verwendeten Cookie-Management-System erforderlich ist.<\/p>\n<p>d) Marketing-\/Profiling-Cookies<br \/>\nDiese Cookies dienen dazu, relevantere Inhalte und Anzeigen anzuzeigen und die Effektivit\u00e4t von Werbekampagnen zu messen. Die Website kann Meta-Tools (Facebook\/Instagram) f\u00fcr Marketing-\/Remarketing-Aktivit\u00e4ten enthalten.<\/p>\n<p>Diese Cookies werden nur mit Ihrer vorherigen Einwilligung aktiviert.<\/p>\n<p>3. Tools und Dienste von Drittanbietern<\/p>\n<p>Google Analytics: Webanalysedienst (Statistiken). Kann Cookies installieren und Browserdaten verarbeiten.<\/p>\n<p>Google-Bewertungs-Widget: Integration zur Anzeige von Bewertungen. Das Laden des Widgets kann die \u00dcbermittlung von Daten an Google und die Verwendung von Cookies\/\u00e4hnlichen Technologien beinhalten, abh\u00e4ngig von der Browser-\/Dienstkonfiguration und den Einstellungen.<\/p>\n<ul>\n<li><strong>Meta (Facebook\/Instagram)<\/strong>: Mess- und Marketing-Tools (z. B. Pixel und \u00e4hnliche Technologien) f\u00fcr Kampagnenanalyse und Remarketing.<br \/>\n<h3>4. Einwilligungsverwaltung<\/h3>\n<p>Beim ersten Besuch der Website erscheint ein Banner, \u00fcber das Sie Folgendes ausw\u00e4hlen k\u00f6nnen:<\/p>\n<ul>\n<li>Alle Cookies akzeptieren<\/li>\n<li>Nicht notwendige Cookies ablehnen<\/li>\n<li>Einstellungen nach Kategorie verwalten<\/li>\n<\/ul>\n<p>Sie k\u00f6nnen Ihre Einstellungen jederzeit \u00e4ndern, indem Sie auf die Schaltfl\u00e4che\/den Link \u201e<strong>Cookie-Einwilligung \u00fcberpr\u00fcfen<\/strong>\u201c (sofern auf der Website verf\u00fcgbar) klicken oder die Einstellungen in Ihrem Browser anpassen.<\/p>\n<h3>5. Cookies im Browser deaktivieren<\/h3>\n<p>Sie k\u00f6nnen Cookies auch in Ihren Browsereinstellungen verwalten oder deaktivieren. Die Deaktivierung technischer Cookies kann die Funktionalit\u00e4t einiger Websites beeintr\u00e4chtigen.<\/p>\n<h3>6. Cookie-Speicherung<\/h3>\n<p>Die Speicherdauer von Cookies variiert je nach Typ (Sitzungs- oder dauerhafte Cookies) und den Einstellungen von Drittanbietern. Aktuelle Informationen finden Sie in der Regel im Cookie-Verwaltungsbereich der Website.<\/p>\n<p>7. Verantwortlicher f\u00fcr die Datenverarbeitung<\/p>\n<p>Hi Luino<br \/>\nHauptsitz: P.zza G. Marconi, 24 \u2013 21016 Luino (VA), Italien<br \/>\nCIN: IT012092A1B9H6GEE<br \/>\n8. Aktualisierungen<\/p>\n<p>Diese Cookie-Richtlinie kann aktualisiert werden. \u00c4nderungen werden auf dieser Seite ver\u00f6ffentlicht.<\/li>\n<\/ul>\n","protected":false},"excerpt":{"rendered":"<p>Datenschutzerkl\u00e4rung 1. Was sind Cookies? Cookies sind kleine Textdateien, die  [&#8230;]<\/p>\n","protected":false},"author":1,"featured_media":0,"parent":0,"menu_order":0,"comment_status":"closed","ping_status":"closed","template":"","meta":{"footnotes":""},"class_list":["post-3165","page","type-page","status-publish","hentry"],"yoast_head":"<!-- This site is optimized with the Yoast SEO plugin v27.3 - https:\/\/yoast.com\/product\/yoast-seo-wordpress\/ -->\n<title>Datenschutzerkl\u00e4rung - Hotel Internazionele Luino<\/title>\n<meta name=\"robots\" content=\"index, follow, max-snippet:-1, max-image-preview:large, max-video-preview:-1\" \/>\n<link rel=\"canonical\" href=\"https:\/\/hi-luino.com\/de\/datenschutzerklaerung\/\" \/>\n<meta property=\"og:locale\" content=\"de_DE\" \/>\n<meta property=\"og:type\" content=\"article\" \/>\n<meta property=\"og:title\" content=\"Datenschutzerkl\u00e4rung - Hotel Internazionele Luino\" \/>\n<meta property=\"og:description\" content=\"Datenschutzerkl\u00e4rung 1. Was sind Cookies? Cookies sind kleine Textdateien, die [...]\" \/>\n<meta property=\"og:url\" content=\"https:\/\/hi-luino.com\/de\/datenschutzerklaerung\/\" \/>\n<meta property=\"og:site_name\" content=\"Hotel Internazionele Luino\" \/>\n<meta property=\"article:publisher\" content=\"https:\/\/www.facebook.com\/HIluino\" \/>\n<meta property=\"article:modified_time\" content=\"2026-03-16T08:34:54+00:00\" \/>\n<meta property=\"og:image\" content=\"https:\/\/hi-luino.com\/wp-content\/uploads\/2026\/01\/HOTEL-INTERNAZIONALE-LUINO-IMG-BG-LIVING.png\" \/>\n\t<meta property=\"og:image:width\" content=\"1536\" \/>\n\t<meta property=\"og:image:height\" content=\"1024\" \/>\n\t<meta property=\"og:image:type\" content=\"image\/png\" \/>\n<meta name=\"twitter:card\" content=\"summary_large_image\" \/>\n<meta name=\"twitter:label1\" content=\"Est. reading time\" \/>\n\t<meta name=\"twitter:data1\" content=\"3 minutes\" \/>\n<script type=\"application\/ld+json\" class=\"yoast-schema-graph\">{\"@context\":\"https:\\\/\\\/schema.org\",\"@graph\":[{\"@type\":\"WebPage\",\"@id\":\"https:\\\/\\\/hi-luino.com\\\/de\\\/datenschutzerklaerung\\\/\",\"url\":\"https:\\\/\\\/hi-luino.com\\\/de\\\/datenschutzerklaerung\\\/\",\"name\":\"Datenschutzerkl\u00e4rung - Hotel Internazionele Luino\",\"isPartOf\":{\"@id\":\"https:\\\/\\\/hi-luino.com\\\/de\\\/#website\"},\"datePublished\":\"2025-11-19T11:30:40+00:00\",\"dateModified\":\"2026-03-16T08:34:54+00:00\",\"breadcrumb\":{\"@id\":\"https:\\\/\\\/hi-luino.com\\\/de\\\/datenschutzerklaerung\\\/#breadcrumb\"},\"inLanguage\":\"de-DE\",\"potentialAction\":[{\"@type\":\"ReadAction\",\"target\":[\"https:\\\/\\\/hi-luino.com\\\/de\\\/datenschutzerklaerung\\\/\"]}]},{\"@type\":\"BreadcrumbList\",\"@id\":\"https:\\\/\\\/hi-luino.com\\\/de\\\/datenschutzerklaerung\\\/#breadcrumb\",\"itemListElement\":[{\"@type\":\"ListItem\",\"position\":1,\"name\":\"Home\",\"item\":\"https:\\\/\\\/hi-luino.com\\\/de\\\/\"},{\"@type\":\"ListItem\",\"position\":2,\"name\":\"Datenschutzerkl\u00e4rung\"}]},{\"@type\":\"WebSite\",\"@id\":\"https:\\\/\\\/hi-luino.com\\\/de\\\/#website\",\"url\":\"https:\\\/\\\/hi-luino.com\\\/de\\\/\",\"name\":\"Hi Luino | Hotel Internazionale Luino\",\"description\":\"\",\"publisher\":{\"@id\":\"https:\\\/\\\/hi-luino.com\\\/de\\\/#organization\"},\"alternateName\":\"Hi Luino\",\"potentialAction\":[{\"@type\":\"SearchAction\",\"target\":{\"@type\":\"EntryPoint\",\"urlTemplate\":\"https:\\\/\\\/hi-luino.com\\\/de\\\/?s={search_term_string}\"},\"query-input\":{\"@type\":\"PropertyValueSpecification\",\"valueRequired\":true,\"valueName\":\"search_term_string\"}}],\"inLanguage\":\"de-DE\"},{\"@type\":\"Organization\",\"@id\":\"https:\\\/\\\/hi-luino.com\\\/de\\\/#organization\",\"name\":\"Hotel Internazionale Luino\",\"alternateName\":\"Hi Luino\",\"url\":\"https:\\\/\\\/hi-luino.com\\\/de\\\/\",\"logo\":{\"@type\":\"ImageObject\",\"inLanguage\":\"de-DE\",\"@id\":\"https:\\\/\\\/hi-luino.com\\\/de\\\/#\\\/schema\\\/logo\\\/image\\\/\",\"url\":\"https:\\\/\\\/dnamica.net\\\/wp-content\\\/uploads\\\/2026\\\/01\\\/HI-LUINO-LOHO-HEADER.png\",\"contentUrl\":\"https:\\\/\\\/dnamica.net\\\/wp-content\\\/uploads\\\/2026\\\/01\\\/HI-LUINO-LOHO-HEADER.png\",\"width\":191,\"height\":90,\"caption\":\"Hotel Internazionale Luino\"},\"image\":{\"@id\":\"https:\\\/\\\/hi-luino.com\\\/de\\\/#\\\/schema\\\/logo\\\/image\\\/\"},\"sameAs\":[\"https:\\\/\\\/www.facebook.com\\\/HIluino\",\"https:\\\/\\\/www.instagram.com\\\/hotel_internazionale_luino\\\/\"]}]}<\/script>\n<!-- \/ Yoast SEO plugin. -->","yoast_head_json":{"title":"Datenschutzerkl\u00e4rung - Hotel Internazionele Luino","robots":{"index":"index","follow":"follow","max-snippet":"max-snippet:-1","max-image-preview":"max-image-preview:large","max-video-preview":"max-video-preview:-1"},"canonical":"https:\/\/hi-luino.com\/de\/datenschutzerklaerung\/","og_locale":"de_DE","og_type":"article","og_title":"Datenschutzerkl\u00e4rung - Hotel Internazionele Luino","og_description":"Datenschutzerkl\u00e4rung 1. Was sind Cookies? Cookies sind kleine Textdateien, die [...]","og_url":"https:\/\/hi-luino.com\/de\/datenschutzerklaerung\/","og_site_name":"Hotel Internazionele Luino","article_publisher":"https:\/\/www.facebook.com\/HIluino","article_modified_time":"2026-03-16T08:34:54+00:00","og_image":[{"width":1536,"height":1024,"url":"https:\/\/hi-luino.com\/wp-content\/uploads\/2026\/01\/HOTEL-INTERNAZIONALE-LUINO-IMG-BG-LIVING.png","type":"image\/png"}],"twitter_card":"summary_large_image","twitter_misc":{"Est. reading time":"3 minutes"},"schema":{"@context":"https:\/\/schema.org","@graph":[{"@type":"WebPage","@id":"https:\/\/hi-luino.com\/de\/datenschutzerklaerung\/","url":"https:\/\/hi-luino.com\/de\/datenschutzerklaerung\/","name":"Datenschutzerkl\u00e4rung - Hotel Internazionele Luino","isPartOf":{"@id":"https:\/\/hi-luino.com\/de\/#website"},"datePublished":"2025-11-19T11:30:40+00:00","dateModified":"2026-03-16T08:34:54+00:00","breadcrumb":{"@id":"https:\/\/hi-luino.com\/de\/datenschutzerklaerung\/#breadcrumb"},"inLanguage":"de-DE","potentialAction":[{"@type":"ReadAction","target":["https:\/\/hi-luino.com\/de\/datenschutzerklaerung\/"]}]},{"@type":"BreadcrumbList","@id":"https:\/\/hi-luino.com\/de\/datenschutzerklaerung\/#breadcrumb","itemListElement":[{"@type":"ListItem","position":1,"name":"Home","item":"https:\/\/hi-luino.com\/de\/"},{"@type":"ListItem","position":2,"name":"Datenschutzerkl\u00e4rung"}]},{"@type":"WebSite","@id":"https:\/\/hi-luino.com\/de\/#website","url":"https:\/\/hi-luino.com\/de\/","name":"Hi Luino | Hotel Internazionale Luino","description":"","publisher":{"@id":"https:\/\/hi-luino.com\/de\/#organization"},"alternateName":"Hi Luino","potentialAction":[{"@type":"SearchAction","target":{"@type":"EntryPoint","urlTemplate":"https:\/\/hi-luino.com\/de\/?s={search_term_string}"},"query-input":{"@type":"PropertyValueSpecification","valueRequired":true,"valueName":"search_term_string"}}],"inLanguage":"de-DE"},{"@type":"Organization","@id":"https:\/\/hi-luino.com\/de\/#organization","name":"Hotel Internazionale Luino","alternateName":"Hi Luino","url":"https:\/\/hi-luino.com\/de\/","logo":{"@type":"ImageObject","inLanguage":"de-DE","@id":"https:\/\/hi-luino.com\/de\/#\/schema\/logo\/image\/","url":"https:\/\/dnamica.net\/wp-content\/uploads\/2026\/01\/HI-LUINO-LOHO-HEADER.png","contentUrl":"https:\/\/dnamica.net\/wp-content\/uploads\/2026\/01\/HI-LUINO-LOHO-HEADER.png","width":191,"height":90,"caption":"Hotel Internazionale Luino"},"image":{"@id":"https:\/\/hi-luino.com\/de\/#\/schema\/logo\/image\/"},"sameAs":["https:\/\/www.facebook.com\/HIluino","https:\/\/www.instagram.com\/hotel_internazionale_luino\/"]}]}},"_links":{"self":[{"href":"https:\/\/hi-luino.com\/de\/wp-json\/wp\/v2\/pages\/3165","targetHints":{"allow":["GET"]}}],"collection":[{"href":"https:\/\/hi-luino.com\/de\/wp-json\/wp\/v2\/pages"}],"about":[{"href":"https:\/\/hi-luino.com\/de\/wp-json\/wp\/v2\/types\/page"}],"author":[{"embeddable":true,"href":"https:\/\/hi-luino.com\/de\/wp-json\/wp\/v2\/users\/1"}],"replies":[{"embeddable":true,"href":"https:\/\/hi-luino.com\/de\/wp-json\/wp\/v2\/comments?post=3165"}],"version-history":[{"count":2,"href":"https:\/\/hi-luino.com\/de\/wp-json\/wp\/v2\/pages\/3165\/revisions"}],"predecessor-version":[{"id":3167,"href":"https:\/\/hi-luino.com\/de\/wp-json\/wp\/v2\/pages\/3165\/revisions\/3167"}],"wp:attachment":[{"href":"https:\/\/hi-luino.com\/de\/wp-json\/wp\/v2\/media?parent=3165"}],"curies":[{"name":"wp","href":"https:\/\/api.w.org\/{rel}","templated":true}]}}